{"id":210,"date":"2024-02-15T23:03:03","date_gmt":"2024-02-15T23:03:03","guid":{"rendered":"https:\/\/jeunecreationfrancophone.org\/scenariotheque\/?page_id=210"},"modified":"2025-05-05T12:10:03","modified_gmt":"2025-05-05T12:10:03","slug":"scenarios","status":"publish","type":"page","link":"https:\/\/jeunecreationfrancophone.org\/scenariotheque\/","title":{"rendered":"Les sc\u00e9narios"},"content":{"rendered":"\t\t<div data-elementor-type=\"wp-page\" data-elementor-id=\"210\" class=\"elementor elementor-210\">\n\t\t\t\t<div class=\"elementor-element elementor-element-5f38190 e-con-full e-flex e-con e-parent\" data-id=\"5f38190\" data-element_type=\"container\" data-e-type=\"container\" data-settings=\"{&quot;background_background&quot;:&quot;classic&quot;}\">\n\t\t\t\t<div class=\"elementor-element elementor-element-0e18597 elementor-widget elementor-widget-image\" data-id=\"0e18597\" data-element_type=\"widget\" data-e-type=\"widget\" data-widget_type=\"image.default\">\n\t\t\t\t<div class=\"elementor-widget-container\">\n\t\t\t\t\t\t\t\t\t\t\t\t\t\t\t<img decoding=\"async\" src=\"https:\/\/jeunecreationfrancophone.org\/scenariotheque\/wp-content\/plugins\/elementor\/assets\/images\/placeholder.png\" title=\"\" alt=\"\" loading=\"lazy\" \/>\t\t\t\t\t\t\t\t\t\t\t\t\t\t\t<\/div>\n\t\t\t\t<\/div>\n\t\t\t\t<\/div>\n\t\t<div class=\"elementor-element elementor-element-d6cd18f e-flex e-con-boxed e-con e-parent\" data-id=\"d6cd18f\" data-element_type=\"container\" data-e-type=\"container\">\n\t\t\t\t\t<div class=\"e-con-inner\">\n\t\t<div class=\"elementor-element elementor-element-fa65fad e-flex e-con-boxed e-con e-child\" data-id=\"fa65fad\" data-element_type=\"container\" data-e-type=\"container\">\n\t\t\t\t\t<div class=\"e-con-inner\">\n\t\t\t\t<div class=\"elementor-element elementor-element-d9f23e0 elementor-widget elementor-widget-heading\" data-id=\"d9f23e0\" data-element_type=\"widget\" data-e-type=\"widget\" data-widget_type=\"heading.default\">\n\t\t\t\t<div class=\"elementor-widget-container\">\n\t\t\t\t\t<h2 class=\"elementor-heading-title elementor-size-default\">Sc\u00e9narioth\u00e8que du Fonds Jeune Cr\u00e9ation Francophone<\/h2>\t\t\t\t<\/div>\n\t\t\t\t<\/div>\n\t\t\t\t\t<\/div>\n\t\t\t\t<\/div>\n\t\t<div class=\"elementor-element elementor-element-f94b1f2 e-con-full e-flex e-con e-child\" data-id=\"f94b1f2\" data-element_type=\"container\" data-e-type=\"container\">\n\t\t\t\t<div class=\"elementor-element elementor-element-0a532ec elementor-widget elementor-widget-text-editor\" data-id=\"0a532ec\" data-element_type=\"widget\" data-e-type=\"widget\" data-widget_type=\"text-editor.default\">\n\t\t\t\t<div class=\"elementor-widget-container\">\n\t\t\t\t\t\t\t\t\t<p><em><strong>La Sc\u00e9narioth\u00e8que du Fonds pour la Jeune Cr\u00e9ation Francophone<\/strong><\/em> est une ressource in\u00e9dite mettant \u00e0 disposition les sc\u00e9narios des projets ayant b\u00e9n\u00e9fici\u00e9 du soutien du Fonds et qui ont aujourd\u2019hui vu le jour. En donnant acc\u00e8s \u00e0 ces textes, notre objectif est de <em><strong>valoriser les \u00e9critures cin\u00e9matographiques francophones \u00e9mergentes<\/strong><\/em> et d\u2019offrir aux professionnels et aux passionn\u00e9s du cin\u00e9ma un outil de r\u00e9f\u00e9rence et d\u2019inspiration.<\/p><p>Entre 2018 et 2024, le Fonds a permis d\u2019attribuer <em><strong>17<\/strong><strong>8 soutiens \u00e0 155 projets<\/strong>. <\/em>Une cinquantaine de ces projets sont aujourd\u2019hui termin\u00e9s et ont \u00e9t\u00e9 pr\u00e9sent\u00e9s dans de\u00a0prestigieux festivals, dont le festival de Cannes, la Berlinale, le festival de Sundance, le FESPACO, S\u00e9ries Mania, le Festival International du Court M\u00e9trage de Clermont-Ferrand, le Festival international du Documentaire d\u2019Amsterdam (IDFA), le Festival International du Film Francophone de Namur (FIFF), DOK Leipzig, Visions du r\u00e9el, le Festival international du film de Rotterdam (IFFR), etc&#8230;<\/p><p>La Sc\u00e9narioth\u00e8que constitue aujourd\u2019hui une <strong><em>archive de ces \u0153uvres<\/em><\/strong>, permettant de retracer le passage de <strong><em>l\u2019\u00e9crit \u00e0 l\u2019\u00e9cran<\/em><\/strong> et de comprendre les attentes des comit\u00e9s de s\u00e9lection comme celui du Fonds pour la Jeune Cr\u00e9ation Francophone.<\/p><p>Que vous soyez <em><strong>sc\u00e9nariste, r\u00e9alisateur, producteur ou \u00e9tudiant<\/strong><\/em>, la Sc\u00e9narioth\u00e8que vous offre :<\/p><ul><li><strong><em>des exemples concrets<\/em><\/strong> de sc\u00e9narios ayant franchi les diff\u00e9rentes \u00e9tapes de s\u00e9lection du Fonds.<\/li><li><strong><em>Une source d\u2019inspiration<\/em><\/strong> pour vos propres projets.<\/li><li><em><strong>Un outil p\u00e9dagogique<\/strong><\/em> pour mieux comprendre l\u2019\u00e9criture sc\u00e9naristique et les attentes des comit\u00e9s de s\u00e9lection<\/li><\/ul>\t\t\t\t\t\t\t\t<\/div>\n\t\t\t\t<\/div>\n\t\t\t\t<\/div>\n\t\t\t\t\t<\/div>\n\t\t\t\t<\/div>\n\t\t<div class=\"elementor-element elementor-element-1bf18db e-flex e-con-boxed e-con e-parent\" data-id=\"1bf18db\" data-element_type=\"container\" data-e-type=\"container\">\n\t\t\t\t\t<div class=\"e-con-inner\">\n\t\t<div class=\"elementor-element elementor-element-63ec98e e-con-full e-flex e-con e-child\" data-id=\"63ec98e\" data-element_type=\"container\" data-e-type=\"container\">\n\t\t<div class=\"elementor-element elementor-element-dafecab e-con-full e-flex e-con e-child\" data-id=\"dafecab\" data-element_type=\"container\" data-e-type=\"container\">\n\t\t\t\t<div class=\"elementor-element elementor-element-57a3eed elementor-view-default elementor-widget elementor-widget-icon\" data-id=\"57a3eed\" data-element_type=\"widget\" data-e-type=\"widget\" data-widget_type=\"icon.default\">\n\t\t\t\t<div class=\"elementor-widget-container\">\n\t\t\t\t\t\t\t<div class=\"elementor-icon-wrapper\">\n\t\t\t<div class=\"elementor-icon\">\n\t\t\t<svg aria-hidden=\"true\" class=\"e-font-icon-svg e-fas-sliders-h\" viewBox=\"0 0 512 512\" xmlns=\"http:\/\/www.w3.org\/2000\/svg\"><path d=\"M496 384H160v-16c0-8.8-7.2-16-16-16h-32c-8.8 0-16 7.2-16 16v16H16c-8.8 0-16 7.2-16 16v32c0 8.8 7.2 16 16 16h80v16c0 8.8 7.2 16 16 16h32c8.8 0 16-7.2 16-16v-16h336c8.8 0 16-7.2 16-16v-32c0-8.8-7.2-16-16-16zm0-160h-80v-16c0-8.8-7.2-16-16-16h-32c-8.8 0-16 7.2-16 16v16H16c-8.8 0-16 7.2-16 16v32c0 8.8 7.2 16 16 16h336v16c0 8.8 7.2 16 16 16h32c8.8 0 16-7.2 16-16v-16h80c8.8 0 16-7.2 16-16v-32c0-8.8-7.2-16-16-16zm0-160H288V48c0-8.8-7.2-16-16-16h-32c-8.8 0-16 7.2-16 16v16H16C7.2 64 0 71.2 0 80v32c0 8.8 7.2 16 16 16h208v16c0 8.8 7.2 16 16 16h32c8.8 0 16-7.2 16-16v-16h208c8.8 0 16-7.2 16-16V80c0-8.8-7.2-16-16-16z\"><\/path><\/svg>\t\t\t<\/div>\n\t\t<\/div>\n\t\t\t\t\t\t<\/div>\n\t\t\t\t<\/div>\n\t\t\t\t<\/div>\n\t\t<div class=\"elementor-element elementor-element-872141d e-con-full e-flex e-con e-child\" data-id=\"872141d\" data-element_type=\"container\" data-e-type=\"container\">\n\t\t\t\t<\/div>\n\t\t\t\t<\/div>\n\t\t\t\t<div class=\"elementor-element elementor-element-5d0ec94 elementor-widget elementor-widget-loop-grid\" data-id=\"5d0ec94\" data-element_type=\"widget\" data-e-type=\"widget\" data-widget_type=\"loop-grid.default\">\n\t\t\t\t<div class=\"elementor-widget-container\">\n\t\t\t\t\t \t\t\t\t<\/div>\n\t\t\t\t<\/div>\n\t\t\t\t\t<\/div>\n\t\t\t\t<\/div>\n\t\t\t\t<\/div>\n\t\t","protected":false},"excerpt":{"rendered":"<p>Sc\u00e9narioth\u00e8que du Fonds Jeune Cr\u00e9ation Francophone La Sc\u00e9narioth\u00e8que du Fonds pour la Jeune Cr\u00e9ation Francophone est une ressource in\u00e9dite mettant \u00e0 disposition les sc\u00e9narios des projets ayant b\u00e9n\u00e9fici\u00e9 du soutien du Fonds et qui ont aujourd\u2019hui vu le jour. En donnant acc\u00e8s \u00e0 ces textes, notre objectif est de valoriser les \u00e9critures cin\u00e9matographiques francophones \u00e9mergentes [&hellip;]<\/p>\n","protected":false},"author":1,"featured_media":349,"parent":0,"menu_order":0,"comment_status":"closed","ping_status":"closed","template":"elementor_header_footer","meta":{"_acf_changed":false,"footnotes":""},"class_list":["post-210","page","type-page","status-publish","has-post-thumbnail","hentry"],"acf":[],"_links":{"self":[{"href":"https:\/\/jeunecreationfrancophone.org\/scenariotheque\/wp-json\/wp\/v2\/pages\/210","targetHints":{"allow":["GET"]}}],"collection":[{"href":"https:\/\/jeunecreationfrancophone.org\/scenariotheque\/wp-json\/wp\/v2\/pages"}],"about":[{"href":"https:\/\/jeunecreationfrancophone.org\/scenariotheque\/wp-json\/wp\/v2\/types\/page"}],"author":[{"embeddable":true,"href":"https:\/\/jeunecreationfrancophone.org\/scenariotheque\/wp-json\/wp\/v2\/users\/1"}],"replies":[{"embeddable":true,"href":"https:\/\/jeunecreationfrancophone.org\/scenariotheque\/wp-json\/wp\/v2\/comments?post=210"}],"version-history":[{"count":164,"href":"https:\/\/jeunecreationfrancophone.org\/scenariotheque\/wp-json\/wp\/v2\/pages\/210\/revisions"}],"predecessor-version":[{"id":732,"href":"https:\/\/jeunecreationfrancophone.org\/scenariotheque\/wp-json\/wp\/v2\/pages\/210\/revisions\/732"}],"wp:featuredmedia":[{"embeddable":true,"href":"https:\/\/jeunecreationfrancophone.org\/scenariotheque\/wp-json\/wp\/v2\/media\/349"}],"wp:attachment":[{"href":"https:\/\/jeunecreationfrancophone.org\/scenariotheque\/wp-json\/wp\/v2\/media?parent=210"}],"curies":[{"name":"wp","href":"https:\/\/api.w.org\/{rel}","templated":true}]}}